{"id":2423,"date":"2023-10-03T20:18:19","date_gmt":"2023-10-03T20:18:19","guid":{"rendered":"https:\/\/vosdigitals.com\/?post_type=product&#038;p=2423"},"modified":"2024-02-06T03:05:19","modified_gmt":"2024-02-06T03:05:19","slug":"nettoyeur-decran","status":"publish","type":"product","link":"https:\/\/vosdigitals.com\/?product=nettoyeur-decran","title":{"rendered":"Nettoyeur d&#8217;\u00c9cran"},"content":{"rendered":"<div class=\"title--wrap--wDzGayX description--title--ZsqjrTd\">\n<div class=\"title--text--Lx66GPw\">\n<h1 class=\"title--title--RN9Pt03\">Pr\u00e9sentation<\/h1>\n<\/div>\n<\/div>\n<div>\n<div class=\"extend--content--DlnAngg\">\n<div>\n<div id=\"product-description\" class=\"description--product-description--nxRv0lW\" data-spm=\"1000023\" data-pl=\"product-description\">\n<div class=\"description--origin-part--SsZJoGC\">\n<div class=\"detailmodule_html\">\n<div class=\"detail-desc-decorate-richtext\">\n<div>\n<p id=\"tl_1\" class=\"detail-desc-decorate-content\" data-spm-anchor-id=\"a2g0o.detail.1000023.i0.a9f9VCXCVCXC5e\">Mat\u00e9riel: Plastique<br \/>\nTaille: 9*2.7*2.7cm<br \/>\nCouleur: Gris, Rose, Bleu, Noir, Rouge<br \/>\nQuantit\u00e9: 1pcs<\/p>\n<p>Description:<br \/>\n1, Cinq choix de couleurs, extraction naturelle, l&#8217;outil de nettoyage d&#8217;\u00e9cran dure longtemps.<br \/>\n2, D\u00e9contaminez facilement les marques d&#8217;ongles, adapt\u00e9es au nettoyage des t\u00e9l\u00e9phones portables, des ordinateurs et des \u00e9crans de t\u00e9l\u00e9vision.<br \/>\n3, L&#8217;\u00e9cran nettoy\u00e9 est facile \u00e0 d\u00e9sinfecter, ne laissant aucune trace et lui donnant un nouveau look.<br \/>\n4, \u00c9cran de t\u00e9l\u00e9phone portable, miroir portable, l&#8217;\u00e9cran est aussi propre que neuf, pas de pulv\u00e9risation, pas de taches d&#8217;huile, pratique et pratique, seulement besoin d&#8217;une bouteille de spray\/un chiffon.<br \/>\n5, Afin de s&#8217;adapter aux habitudes, le bouton transparent est con\u00e7u pour \u00eatre confortable \u00e0 utiliser, le d\u00e9tergent peut \u00eatre ajout\u00e9 et remplac\u00e9, et les conceptions de bouteilles individuelles peuvent \u00eatre facilement et pratiquement remplac\u00e9es.<\/p>\n<\/div>\n<\/div>\n<\/div>\n<\/div>\n<\/div>\n<\/div>\n<\/div>\n<\/div>\n","protected":false},"excerpt":{"rendered":"<p>Nettoyeur d&#8217;\u00e9cran et ensemble de bouteilles de pulv\u00e9risation 2 en 1, d\u00e9poussi\u00e9rage, lingette en microcarence sans liquide, iPad, t\u00e9l\u00e9phone, ordinateur, gril<\/p>\n","protected":false},"featured_media":2424,"template":"","meta":[],"product_cat":[53,75,66,67,68,15],"product_tag":[],"_links":{"self":[{"href":"https:\/\/vosdigitals.com\/index.php?rest_route=\/wp\/v2\/product\/2423"}],"collection":[{"href":"https:\/\/vosdigitals.com\/index.php?rest_route=\/wp\/v2\/product"}],"about":[{"href":"https:\/\/vosdigitals.com\/index.php?rest_route=\/wp\/v2\/types\/product"}],"wp:featuredmedia":[{"embeddable":true,"href":"https:\/\/vosdigitals.com\/index.php?rest_route=\/wp\/v2\/media\/2424"}],"wp:attachment":[{"href":"https:\/\/vosdigitals.com\/index.php?rest_route=%2Fwp%2Fv2%2Fmedia&parent=2423"}],"wp:term":[{"taxonomy":"product_cat","embeddable":true,"href":"https:\/\/vosdigitals.com\/index.php?rest_route=%2Fwp%2Fv2%2Fproduct_cat&post=2423"},{"taxonomy":"product_tag","embeddable":true,"href":"https:\/\/vosdigitals.com\/index.php?rest_route=%2Fwp%2Fv2%2Fproduct_tag&post=2423"}],"curies":[{"name":"wp","href":"https:\/\/api.w.org\/{rel}","templated":true}]}}